{"id":7,"date":"2024-06-18T15:01:26","date_gmt":"2024-06-18T18:01:26","guid":{"rendered":"https:\/\/ultonsquest.com\/?page_id=7"},"modified":"2025-04-21T11:00:44","modified_gmt":"2025-04-21T14:00:44","slug":"home","status":"publish","type":"page","link":"https:\/\/ultonsquest.com\/","title":{"rendered":"Home"},"content":{"rendered":"\n<section class=\"wp-block-uagb-container uagb-block-eef4f69a alignfull uagb-is-root-container\"><div class=\"uagb-container-inner-blocks-wrap\">\n<div class=\"wp-block-uagb-container uagb-block-907b37ee\">\n<div class=\"wp-block-uagb-advanced-heading uagb-block-89971964\"><h1 class=\"uagb-heading-text\">Ulton&#8217;s Quest: Uma Jornada \u00c9pica em um Mundo Futurista!<\/h1><\/div>\n\n\n\n<p class=\"has-text-align-center has-ast-global-color-5-color has-text-color has-link-color wp-elements-656a9b194649921acf6c8da9fdb363a5\">Em Ulton\u2019s Quest, ruminantes malignos do centro do planeta sequestraram quem voc\u00ea ama, o colocaram na pris\u00e3o e te deixaram sem comida! Uma aventura na base da tecnologia, amor e no PODER DA RAIVA! Salve o planeta, salve seu amor e salve seu sandu\u00edche!<\/p>\n\n\n\n<figure class=\"wp-block-embed is-type-video is-provider-youtube wp-block-embed-youtube wp-embed-aspect-16-9 wp-has-aspect-ratio\"><div class=\"wp-block-embed__wrapper\">\n<iframe loading=\"lazy\" title=\"Ulton&#039;s Quest - trailer curto PTBR\" width=\"500\" height=\"281\" src=\"https:\/\/www.youtube.com\/embed\/_Efbi0ZDmxI?feature=oembed\" frameborder=\"0\" allow=\"accelerometer; autoplay; clipboard-write; encrypted-media; gyroscope; picture-in-picture; web-share\" referrerpolicy=\"strict-origin-when-cross-origin\" allowfullscreen><\/iframe>\n<\/div><\/figure>\n<\/div>\n<\/div><\/section>\n\n\n\n<div class=\"wp-block-uagb-container uagb-block-b396dd4a alignfull uagb-is-root-container\"><div class=\"uagb-container-inner-blocks-wrap\">\n<div class=\"wp-block-uagb-container uagb-block-fd3b66d6\">\n<div class=\"wp-block-columns is-layout-flex wp-container-core-columns-is-layout-1 wp-block-columns-is-layout-flex\">\n<div class=\"wp-block-column is-layout-flow wp-block-column-is-layout-flow\">\n<div class=\"wp-block-uagb-advanced-heading uagb-block-8ec3700d\"><h2 class=\"uagb-heading-text\"><strong>Tiraram tudo de voc\u00ea:<\/strong><\/h2><\/div>\n\n\n\n<p style=\"margin-top:var(--wp--preset--spacing--30);margin-bottom:var(--wp--preset--spacing--30)\">Era uma vez um mundo\u2026 N\u00e3o o nosso mundo, mas um Mundo A\u00ed. Nesse Mundo A\u00ed viviam na paz orcs, humanos e elfos, sem drama, sem briga na fila do banco, sabe? Mas paz dura pouco, e pra reafirmar essa frase, do centro do planeta, o comandante Maximus Taurus e seu bando de ruminantes fan\u00e1ticos sem uma lou\u00e7a pra lavar ou um lote par carpir, aparecem quebrando tudo!<\/p>\n\n\n\n<p style=\"margin-top:var(--wp--preset--spacing--30);margin-bottom:var(--wp--preset--spacing--30)\">No centro de tudo isso, era uma vez Ulton Gograk, um orc de boas que vivia na paz com seu love e seu sandu\u00edche (sim, sandu\u00edche, afinal, um orc amando e alimentado n\u00e3o quer guerra com ningu\u00e9m) at\u00e9 que as vacas do mau sequestram seu amor, jogaram ele na cadeia e o pior de tudo, TIRARAM A SUA COMIDA! Munido de motiva\u00e7\u00e3o, amor e muita fome, Ulton se torna a maior esperan\u00e7a desse Mundo A\u00ed de libertar \u00e0 todos. Com for\u00e7a, coragem e habilidades \u00fanicas que s\u00f3 um est\u00f4mago vaziam podem proporcionar, ele ir\u00e1 embarcar em uma \u00e9pica jornada para derrotar o comandante Maximus e retomar tudo que lhe foi tirado.<\/p>\n<\/div>\n\n\n\n<div class=\"wp-block-column is-layout-flow wp-block-column-is-layout-flow\">\n<p style=\"margin-top:var(--wp--preset--spacing--30);margin-bottom:var(--wp--preset--spacing--30)\">Percorra cen\u00e1rios feitos \u00e0 m\u00e3o pixel por pixel, supere obst\u00e1culos, enfrente muito boi desocupado e cuidado com as armadilhas! Seja O CARA (na verdade orc), domine os paranau\u00ea e SENTA A PORRADA NOS BOSS! Sua jornada \u00fanica vai te levar a ambientes impressionantes, desde o calmo interior sem polui\u00e7\u00e3o, barulho de buzina e sinal 5G at\u00e9 cidades futuristas e ilhas flutuantes no c\u00e9u, ainda sem 5G (essa coisa nunca pega em lugar nenhum, pelamor)\u2026<\/p>\n\n\n\n<div class=\"wp-block-uagb-advanced-heading uagb-block-b636b393\"><h2 class=\"uagb-heading-text\"><strong>Detalhes e Jogabilidade:<\/strong><\/h2><\/div>\n\n\n\n<ul style=\"margin-top:var(--wp--preset--spacing--30);margin-bottom:var(--wp--preset--spacing--30)\" class=\"wp-block-list\">\n<li>Mec\u00e2nicas de gameplay ultra prazerosas de jogar<\/li>\n\n\n\n<li>Diversos power-ups, armas e ataques para derrotar os inimigos<\/li>\n\n\n\n<li>Explora\u00e7\u00e3o imersiva em cada fase, com segredos ocultos e puzzles desafiadores<\/li>\n\n\n\n<li>Inimigos e chefes \u00fanicos com mec\u00e2nicas diferentes<\/li>\n\n\n\n<li>Bel\u00edssimos gr\u00e1ficos em pixel art 2D retr\u00f4<\/li>\n\n\n\n<li>Ambienta\u00e7\u00e3o \u00fanica<\/li>\n\n\n\n<li>Segredos e colecion\u00e1veis<\/li>\n\n\n\n<li>Trilha sonora \u00e9pica<\/li>\n<\/ul>\n<\/div>\n<\/div>\n<\/div>\n<\/div><\/div>\n\n\n\n<div class=\"wp-block-uagb-container uagb-block-d413dc37 alignfull uagb-is-root-container\"><div class=\"uagb-container-inner-blocks-wrap\">\n<div class=\"wp-block-uagb-advanced-heading uagb-block-3e309fa6\"><h1 class=\"uagb-heading-text\">Salve o planeta, salve seu amor e salve seu sandu\u00edche!<\/h1><\/div>\n\n\n\n<div class=\"wp-block-uagb-container uagb-block-82f22e25\">\t\t\t\t\t<div\n\t\t\t\t\t\tclass=\"wp-block-uagb-image-gallery uagb-block-bfabb7a7     \"\n\t\t\t\t\t\tstyle=\"\"\n\t\t\t\t\t>\n\t\t\t\t\t\t\t\t\t\t\t<div class=\"spectra-image-gallery spectra-image-gallery__layout--carousel\">\n\t\t\t\t\t\t\t\t<div class=\"uagb-slick-carousel uagb-block-bfabb7a7\">\n\t\t\t\t\t\t\t\t\t\t\t\t<div class='spectra-image-gallery__media-wrapper' data-spectra-gallery-image-id='127'>\n\t\t\t\t\t\t\t<div class=\"spectra-image-gallery__media spectra-image-gallery__media--carousel\">\n\t\t\t\t<picture>\n\t\t\t\t\t<source media=\"(min-width: 1024px)\" srcset=\"https:\/\/ultonsquest.com\/wp-content\/uploads\/2024\/07\/2-1024x576.png\">\n\t\t\t\t\t<source media=\"(min-width: 768px)\" srcset=\"https:\/\/ultonsquest.com\/wp-content\/uploads\/2024\/07\/2-1024x576.png\">\n\t\t\t\t\t<img decoding=\"async\" class=\"spectra-image-gallery__media-thumbnail spectra-image-gallery__media-thumbnail--carousel\" src=\"https:\/\/ultonsquest.com\/wp-content\/uploads\/2024\/07\/2-300x169.png\" alt=\"Ulton&#039;s Quest, um jogo de Plataforma e Aventura 2D retr\u00f4 em pixel art.\" loading=\"lazy\" title=\"\">\n\t\t\t\t<\/picture>\n\t\t\t\t<div class=\"spectra-image-gallery__media-thumbnail-blurrer\"><\/div>\n\t\t\t\t\t\t\t\t\t\t\t<div class=\"spectra-image-gallery__media-thumbnail-caption-wrapper spectra-image-gallery__media-thumbnail-caption-wrapper--overlay\"><\/div>\n\t\t\t\t\t\t\t\t<\/div>\n\t\t\t\t\t\t<\/div>\n\t\t\t\t\t\t<div class='spectra-image-gallery__media-wrapper' data-spectra-gallery-image-id='128'>\n\t\t\t\t\t\t\t<div class=\"spectra-image-gallery__media spectra-image-gallery__media--carousel\">\n\t\t\t\t<picture>\n\t\t\t\t\t<source media=\"(min-width: 1024px)\" srcset=\"https:\/\/ultonsquest.com\/wp-content\/uploads\/2024\/07\/3-1024x576.png\">\n\t\t\t\t\t<source media=\"(min-width: 768px)\" srcset=\"https:\/\/ultonsquest.com\/wp-content\/uploads\/2024\/07\/3-1024x576.png\">\n\t\t\t\t\t<img decoding=\"async\" class=\"spectra-image-gallery__media-thumbnail spectra-image-gallery__media-thumbnail--carousel\" src=\"https:\/\/ultonsquest.com\/wp-content\/uploads\/2024\/07\/3-300x169.png\" alt=\"Ulton&#039;s Quest, um jogo de Plataforma e Aventura 2D retr\u00f4 em pixel art.\" loading=\"lazy\" title=\"\">\n\t\t\t\t<\/picture>\n\t\t\t\t<div class=\"spectra-image-gallery__media-thumbnail-blurrer\"><\/div>\n\t\t\t\t\t\t\t\t\t\t\t<div class=\"spectra-image-gallery__media-thumbnail-caption-wrapper spectra-image-gallery__media-thumbnail-caption-wrapper--overlay\"><\/div>\n\t\t\t\t\t\t\t\t<\/div>\n\t\t\t\t\t\t<\/div>\n\t\t\t\t\t\t<div class='spectra-image-gallery__media-wrapper' data-spectra-gallery-image-id='129'>\n\t\t\t\t\t\t\t<div class=\"spectra-image-gallery__media spectra-image-gallery__media--carousel\">\n\t\t\t\t<picture>\n\t\t\t\t\t<source media=\"(min-width: 1024px)\" srcset=\"https:\/\/ultonsquest.com\/wp-content\/uploads\/2024\/07\/4-1024x576.png\">\n\t\t\t\t\t<source media=\"(min-width: 768px)\" srcset=\"https:\/\/ultonsquest.com\/wp-content\/uploads\/2024\/07\/4-1024x576.png\">\n\t\t\t\t\t<img decoding=\"async\" class=\"spectra-image-gallery__media-thumbnail spectra-image-gallery__media-thumbnail--carousel\" src=\"https:\/\/ultonsquest.com\/wp-content\/uploads\/2024\/07\/4-300x169.png\" alt=\"Ulton&#039;s Quest, um jogo de Plataforma e Aventura 2D retr\u00f4 em pixel art.\" loading=\"lazy\" title=\"\">\n\t\t\t\t<\/picture>\n\t\t\t\t<div class=\"spectra-image-gallery__media-thumbnail-blurrer\"><\/div>\n\t\t\t\t\t\t\t\t\t\t\t<div class=\"spectra-image-gallery__media-thumbnail-caption-wrapper spectra-image-gallery__media-thumbnail-caption-wrapper--overlay\"><\/div>\n\t\t\t\t\t\t\t\t<\/div>\n\t\t\t\t\t\t<\/div>\n\t\t\t\t\t\t<div class='spectra-image-gallery__media-wrapper' data-spectra-gallery-image-id='130'>\n\t\t\t\t\t\t\t<div class=\"spectra-image-gallery__media spectra-image-gallery__media--carousel\">\n\t\t\t\t<picture>\n\t\t\t\t\t<source media=\"(min-width: 1024px)\" srcset=\"https:\/\/ultonsquest.com\/wp-content\/uploads\/2024\/07\/5-1024x576.png\">\n\t\t\t\t\t<source media=\"(min-width: 768px)\" srcset=\"https:\/\/ultonsquest.com\/wp-content\/uploads\/2024\/07\/5-1024x576.png\">\n\t\t\t\t\t<img decoding=\"async\" class=\"spectra-image-gallery__media-thumbnail spectra-image-gallery__media-thumbnail--carousel\" src=\"https:\/\/ultonsquest.com\/wp-content\/uploads\/2024\/07\/5-300x169.png\" alt=\"Ulton&#039;s Quest, um jogo de Plataforma e Aventura 2D retr\u00f4 em pixel art.\" loading=\"lazy\" title=\"\">\n\t\t\t\t<\/picture>\n\t\t\t\t<div class=\"spectra-image-gallery__media-thumbnail-blurrer\"><\/div>\n\t\t\t\t\t\t\t\t\t\t\t<div class=\"spectra-image-gallery__media-thumbnail-caption-wrapper spectra-image-gallery__media-thumbnail-caption-wrapper--overlay\"><\/div>\n\t\t\t\t\t\t\t\t<\/div>\n\t\t\t\t\t\t<\/div>\n\t\t\t\t\t\t<div class='spectra-image-gallery__media-wrapper' data-spectra-gallery-image-id='131'>\n\t\t\t\t\t\t\t<div class=\"spectra-image-gallery__media spectra-image-gallery__media--carousel\">\n\t\t\t\t<picture>\n\t\t\t\t\t<source media=\"(min-width: 1024px)\" srcset=\"https:\/\/ultonsquest.com\/wp-content\/uploads\/2024\/07\/1-1024x576.png\">\n\t\t\t\t\t<source media=\"(min-width: 768px)\" srcset=\"https:\/\/ultonsquest.com\/wp-content\/uploads\/2024\/07\/1-1024x576.png\">\n\t\t\t\t\t<img decoding=\"async\" class=\"spectra-image-gallery__media-thumbnail spectra-image-gallery__media-thumbnail--carousel\" src=\"https:\/\/ultonsquest.com\/wp-content\/uploads\/2024\/07\/1-300x169.png\" alt=\"Ulton&#039;s Quest\" loading=\"lazy\" title=\"\">\n\t\t\t\t<\/picture>\n\t\t\t\t<div class=\"spectra-image-gallery__media-thumbnail-blurrer\"><\/div>\n\t\t\t\t\t\t\t\t\t\t\t<div class=\"spectra-image-gallery__media-thumbnail-caption-wrapper spectra-image-gallery__media-thumbnail-caption-wrapper--overlay\"><\/div>\n\t\t\t\t\t\t\t\t<\/div>\n\t\t\t\t\t\t<\/div>\n\t\t\t\t\t\t\t\t\t\t\t<\/div>\n\t\t\t\t\t\t\t<\/div>\n\t\t\t\t\t\t\t\t\t\t\t<\/div>\n\t\t\t\t\t\t\t\t\t\t\t<div class='spectra-image-gallery__control-lightbox' tabindex='0'>\n\t\t\t\t\t\t\t\t\t\t\t<div class=\"swiper spectra-image-gallery__control-lightbox--main\" dir=\"\">\n\t\t\t\t\t<div class=\"swiper-wrapper\">\n\t\t\t\t\t\t\t\t\t\t\t\t\t\n\t\t\t\t\t\t\t<div class=\"swiper-slide\">\n\t\t\t\t\t\t\t\t<img class=\"swiper-lazy\" data-src=\"https:\/\/ultonsquest.com\/wp-content\/uploads\/2024\/07\/2.png\" alt=\"Ulton&#039;s Quest, um jogo de Plataforma e Aventura 2D retr\u00f4 em pixel art.\"\/>\n\t\t\t\t\t\t\t\t<div class=\"swiper-lazy-preloader swiper-lazy-preloader-white\"><\/div>\n\t\t\t\t\t\t\t\t\t\t\t\t\t\t\t<\/div>\n\t\t\t\t\t\t\t\t\t\t\t\t\t\n\t\t\t\t\t\t\t<div class=\"swiper-slide\">\n\t\t\t\t\t\t\t\t<img class=\"swiper-lazy\" data-src=\"https:\/\/ultonsquest.com\/wp-content\/uploads\/2024\/07\/3.png\" alt=\"Ulton&#039;s Quest, um jogo de Plataforma e Aventura 2D retr\u00f4 em pixel art.\"\/>\n\t\t\t\t\t\t\t\t<div class=\"swiper-lazy-preloader swiper-lazy-preloader-white\"><\/div>\n\t\t\t\t\t\t\t\t\t\t\t\t\t\t\t<\/div>\n\t\t\t\t\t\t\t\t\t\t\t\t\t\n\t\t\t\t\t\t\t<div class=\"swiper-slide\">\n\t\t\t\t\t\t\t\t<img class=\"swiper-lazy\" data-src=\"https:\/\/ultonsquest.com\/wp-content\/uploads\/2024\/07\/4.png\" alt=\"Ulton&#039;s Quest, um jogo de Plataforma e Aventura 2D retr\u00f4 em pixel art.\"\/>\n\t\t\t\t\t\t\t\t<div class=\"swiper-lazy-preloader swiper-lazy-preloader-white\"><\/div>\n\t\t\t\t\t\t\t\t\t\t\t\t\t\t\t<\/div>\n\t\t\t\t\t\t\t\t\t\t\t\t\t\n\t\t\t\t\t\t\t<div class=\"swiper-slide\">\n\t\t\t\t\t\t\t\t<img class=\"swiper-lazy\" data-src=\"https:\/\/ultonsquest.com\/wp-content\/uploads\/2024\/07\/5.png\" alt=\"Ulton&#039;s Quest, um jogo de Plataforma e Aventura 2D retr\u00f4 em pixel art.\"\/>\n\t\t\t\t\t\t\t\t<div class=\"swiper-lazy-preloader swiper-lazy-preloader-white\"><\/div>\n\t\t\t\t\t\t\t\t\t\t\t\t\t\t\t<\/div>\n\t\t\t\t\t\t\t\t\t\t\t\t\t\n\t\t\t\t\t\t\t<div class=\"swiper-slide\">\n\t\t\t\t\t\t\t\t<img class=\"swiper-lazy\" data-src=\"https:\/\/ultonsquest.com\/wp-content\/uploads\/2024\/07\/1.png\" alt=\"Ulton&#039;s Quest\"\/>\n\t\t\t\t\t\t\t\t<div class=\"swiper-lazy-preloader swiper-lazy-preloader-white\"><\/div>\n\t\t\t\t\t\t\t\t\t\t\t\t\t\t\t<\/div>\n\t\t\t\t\t\t\t\t\t\t\t<\/div>\n\t\t\t\t\t<div class=\"swiper-button-next\"><\/div>\n\t\t\t\t\t<div class=\"swiper-button-prev\"><\/div>\n\t\t\t\t<\/div>\t\t\t\n\t\t\t\t\t\t\t\t\t\t\t\t\t\t\t\t\t\t\t\t\t\t\t\t\t\t\t\t\t\t\t\t<button class='spectra-image-gallery__control-lightbox--close' aria-label=\"Close\">\n\t\t\t\t\t\t\t\t\t\t\t\t\t<svg xmlns=\"https:\/\/www.w3.org\/2000\/svg\" viewBox= \"0 0 320 512\"><path d=\"M310.6 361.4c12.5 12.5 12.5 32.75 0 45.25C304.4 412.9 296.2 416 288 416s-16.38-3.125-22.62-9.375L160 301.3L54.63 406.6C48.38 412.9 40.19 416 32 416S15.63 412.9 9.375 406.6c-12.5-12.5-12.5-32.75 0-45.25l105.4-105.4L9.375 150.6c-12.5-12.5-12.5-32.75 0-45.25s32.75-12.5 45.25 0L160 210.8l105.4-105.4c12.5-12.5 32.75-12.5 45.25 0s12.5 32.75 0 45.25l-105.4 105.4L310.6 361.4z\"><\/path><\/svg>\n\t\t\t\t\t\t\t\t\t\t\t\t<\/button>\n\t\t\t\t\t\t\t\t\t\t\t\t\t<\/div>\n\t\t\t\t\t\t\t\t\t<\/div>\n\n\n\n<div class=\"wp-block-columns is-layout-flex wp-container-core-columns-is-layout-2 wp-block-columns-is-layout-flex\">\n<div class=\"wp-block-column is-layout-flow wp-block-column-is-layout-flow\">\n<div class=\"wp-block-uagb-marketing-button uagb-marketing-btn__align-center uagb-marketing-btn__align-text-center uagb-marketing-btn__icon-after uagb-block-a0033919 wp-block-button\"><a href=\"https:\/\/lztheorc.itch.io\/ultons-quest\" class=\"uagb-marketing-btn__link wp-block-button__link\" target=\"_blank\" rel=\"noopener noreferrer nofollow\"><span class=\"uagb-marketing-btn__title\">DEMO<\/span><p class=\"uagb-marketing-btn__prefix\">Inicie aqui sua Jornada!<\/p><\/a><\/div>\n<\/div>\n\n\n\n<div class=\"wp-block-column is-layout-flow wp-block-column-is-layout-flow\">\n<div class=\"wp-block-uagb-marketing-button uagb-marketing-btn__align-center uagb-marketing-btn__align-text-center uagb-marketing-btn__icon-after uagb-block-9625c217 wp-block-button\"><a href=\"https:\/\/store.steampowered.com\/app\/2495260\/Ultons_Quest\/\" class=\"uagb-marketing-btn__link wp-block-button__link\" target=\"_blank\" rel=\"noopener noreferrer nofollow\"><span class=\"uagb-marketing-btn__title\">STEAM<\/span><p class=\"uagb-marketing-btn__prefix\">Adicione \u00e0 Lista de Desejos<\/p><\/a><\/div>\n<\/div>\n<\/div>\n<\/div><\/div>\n","protected":false},"excerpt":{"rendered":"<p>Ulton&#8217;s Quest: Uma Jornada \u00c9pica em um Mundo Futurista! Em Ulton\u2019s Quest, ruminantes malignos do centro do planeta sequestraram quem [&hellip;]<\/p>\n","protected":false},"author":1,"featured_media":0,"parent":0,"menu_order":0,"comment_status":"closed","ping_status":"closed","template":"","meta":{"_uag_custom_page_level_css":"","site-sidebar-layout":"default","site-content-layout":"","ast-site-content-layout":"default","site-content-style":"default","site-sidebar-style":"default","ast-global-header-display":"","ast-banner-title-visibility":"","ast-main-header-display":"","ast-hfb-above-header-display":"","ast-hfb-below-header-display":"","ast-hfb-mobile-header-display":"","site-post-title":"disabled","ast-breadcrumbs-content":"","ast-featured-img":"","footer-sml-layout":"","ast-disable-related-posts":"","theme-transparent-header-meta":"","adv-header-id-meta":"","stick-header-meta":"","header-above-stick-meta":"","header-main-stick-meta":"","header-below-stick-meta":"","astra-migrate-meta-layouts":"default","ast-page-background-enabled":"default","ast-page-background-meta":{"desktop":{"background-color":"var(--ast-global-color-4)","background-image":"","background-repeat":"repeat","background-position":"center center","background-size":"auto","background-attachment":"scroll","background-type":"","background-media":"","overlay-type":"","overlay-color":"","overlay-opacity":"","overlay-gradient":""},"tablet":{"background-color":"","background-image":"","background-repeat":"repeat","background-position":"center center","background-size":"auto","background-attachment":"scroll","background-type":"","background-media":"","overlay-type":"","overlay-color":"","overlay-opacity":"","overlay-gradient":""},"mobile":{"background-color":"","background-image":"","background-repeat":"repeat","background-position":"center center","background-size":"auto","background-attachment":"scroll","background-type":"","background-media":"","overlay-type":"","overlay-color":"","overlay-opacity":"","overlay-gradient":""}},"ast-content-background-meta":{"desktop":{"background-color":"var(--ast-global-color-5)","background-image":"","background-repeat":"repeat","background-position":"center center","background-size":"auto","background-attachment":"scroll","background-type":"","background-media":"","overlay-type":"","overlay-color":"","overlay-opacity":"","overlay-gradient":""},"tablet":{"background-color":"var(--ast-global-color-5)","background-image":"","background-repeat":"repeat","background-position":"center center","background-size":"auto","background-attachment":"scroll","background-type":"","background-media":"","overlay-type":"","overlay-color":"","overlay-opacity":"","overlay-gradient":""},"mobile":{"background-color":"var(--ast-global-color-5)","background-image":"","background-repeat":"repeat","background-position":"center center","background-size":"auto","background-attachment":"scroll","background-type":"","background-media":"","overlay-type":"","overlay-color":"","overlay-opacity":"","overlay-gradient":""}},"footnotes":""},"class_list":["post-7","page","type-page","status-publish","hentry"],"uagb_featured_image_src":{"full":false,"thumbnail":false,"medium":false,"medium_large":false,"large":false,"1536x1536":false,"2048x2048":false},"uagb_author_info":{"display_name":"Ulton","author_link":"https:\/\/ultonsquest.com\/author\/ultonsadmin\/"},"uagb_comment_info":0,"uagb_excerpt":"Ulton&#8217;s Quest: Uma Jornada \u00c9pica em um Mundo Futurista! Em Ulton\u2019s Quest, ruminantes malignos do centro do planeta sequestraram quem [&hellip;]","_links":{"self":[{"href":"https:\/\/ultonsquest.com\/index.php\/wp-json\/wp\/v2\/pages\/7"}],"collection":[{"href":"https:\/\/ultonsquest.com\/index.php\/wp-json\/wp\/v2\/pages"}],"about":[{"href":"https:\/\/ultonsquest.com\/index.php\/wp-json\/wp\/v2\/types\/page"}],"author":[{"embeddable":true,"href":"https:\/\/ultonsquest.com\/index.php\/wp-json\/wp\/v2\/users\/1"}],"replies":[{"embeddable":true,"href":"https:\/\/ultonsquest.com\/index.php\/wp-json\/wp\/v2\/comments?post=7"}],"version-history":[{"count":77,"href":"https:\/\/ultonsquest.com\/index.php\/wp-json\/wp\/v2\/pages\/7\/revisions"}],"predecessor-version":[{"id":255,"href":"https:\/\/ultonsquest.com\/index.php\/wp-json\/wp\/v2\/pages\/7\/revisions\/255"}],"wp:attachment":[{"href":"https:\/\/ultonsquest.com\/index.php\/wp-json\/wp\/v2\/media?parent=7"}],"curies":[{"name":"wp","href":"https:\/\/api.w.org\/{rel}","templated":true}]}}